{"id":3426,"date":"2021-04-10T12:53:28","date_gmt":"2021-04-10T12:53:28","guid":{"rendered":"https:\/\/sealakeboats.com\/albania\/?page_id=3426"},"modified":"2021-04-15T13:11:47","modified_gmt":"2021-04-15T13:11:47","slug":"rreth-nesh","status":"publish","type":"page","link":"https:\/\/sealakeboats-al.com\/albania\/sq\/rreth-nesh\/","title":{"rendered":"Rreth Nesh"},"content":{"rendered":"\t\t<div data-elementor-type=\"wp-post\" data-elementor-id=\"3426\" class=\"elementor elementor-3426\" data-elementor-settings=\"[]\">\n\t\t\t<div class=\"elementor-inner\">\n\t\t\t\t<div class=\"elementor-section-wrap\">\n\t\t\t\t\t\t\t<section class=\"elementor-element elementor-element-ff7cbfc elementor-section-boxed elementor-section-height-default elementor-section-height-default elementor-section elementor-top-section\" data-id=\"ff7cbfc\" data-element_type=\"section\">\n\t\t\t\t\t\t<div class=\"elementor-container elementor-column-gap-extended\">\n\t\t\t\t<div class=\"elementor-row\">\n\t\t\t\t<div class=\"elementor-element elementor-element-51428c4 sc_inner_width_none sc_content_align_inherit sc_layouts_column_icons_position_left elementor-column elementor-col-100 elementor-top-column\" data-id=\"51428c4\" data-element_type=\"column\">\n\t\t\t<div class=\"elementor-column-wrap  elementor-element-populated\">\n\t\t\t\t\t<div class=\"elementor-widget-wrap\">\n\t\t\t\t<div class=\"elementor-element elementor-element-3ddc632 sc_fly_static elementor-invisible elementor-widget elementor-widget-trx_sc_promo\" data-id=\"3ddc632\" data-element_type=\"widget\" id=\"image-border\" data-settings=\"{&quot;_animation&quot;:&quot;fadeIn&quot;}\" data-widget_type=\"trx_sc_promo.default\">\n\t\t\t\t<div class=\"elementor-widget-container\">\n\t\t\t<div  id=\"image-border_sc\" \n\tclass=\"sc_promo sc_promo_default sc_promo_size_normal sc_promo_no_image\"><div class=\"sc_promo_text\" style=\"width: 100%;\">\n\t\t\t<div class=\"sc_promo_text_inner trx_addons_inline_36211277\"><span class=\"sc_item_subtitle sc_promo_subtitle sc_item_subtitle_above sc_item_title_style_default\">Mir\u00ebsevini n\u00eb Sea&Lake Boats<\/span><h2 class=\"sc_item_title sc_promo_title sc_item_title_style_default sc_item_title_tag\"><span class=\"sc_item_title_text\">Distributor zyrtar i Highfield Boats<\/span><\/h2><div class=\"sc_item_descr sc_promo_descr\"><p style=\"text-align:justify;\">Me 27,000 varka t\u00eb shitura n\u00eb mbar\u00eb bot\u00ebn, q\u00eb nga fillimet e firm\u00ebs n\u00eb 2011, Highfield renditet si aktori num\u00ebr 1 n\u00eb rang bot\u00ebror n\u00eb sektorin \u00ab Tender RIB  \u00bb (Rigid Inflatable Boats) dhe si nj\u00eb nd\u00ebr aktor\u00ebt kryesor\u00eb n\u00eb sektorin e varkave  +5 metra.<br \/>\n<br \/>\nPerformanca dhe fuqia kan\u00eb qen\u00eb element\u00ebt kryesoren\u00eb thelbin e Highfield, q\u00eb p\u00ebrb\u00ebjn\u00eb dhe vlerat kryesore n\u00eb t\u00eb cilat \u00ebsht\u00eb fokusuar kjo mark\u00eb.<br \/>\n<br \/>\nTrupi solid i varkave Highfield \u00ebsht\u00eb i projektuar n\u00eb m\u00ebnyr\u00eb q\u00eb t\u00eb siguroj\u00eb nj\u00eb lundrim pa dep\u00ebrtim t\u00eb ujit, shum\u00ebt\u00eb p\u00ebrshtatsh\u00ebm p\u00ebr lundrimet n\u00eb det. Reputacioni i tyre sa i p\u00ebrket q\u00ebndrueshm\u00ebris\u00eb njihet bot\u00ebrisht.<br \/>\n<br \/>\nVendosja n\u00eb fokus e rezistenc\u00ebs, si nga ana e dizenjimit por dhe nga ana e nd\u00ebrtimit i jep p\u00ebrdoruesveprofesionist\u00ebdhe amator\u00ebve t\u00eb pushimeve, besimin q\u00eb ju nevojitet p\u00ebr t\u00ebkap\u00ebrcyer miljen suplementare n\u00eb rrethanat q\u00eb t\u00eb tjer\u00ebt i shmangin.<\/p>\n<\/div><div id=\"sc_button_1641829610\"\tclass=\"sc_item_button sc_button_wrap sc_item_button sc_item_button_default sc_promo_button\"><a href=\"\/albania\/galeria\" class=\"sc_button sc_button_default sc_button_size_normal sc_button_icon_left\"><span class=\"sc_button_text\"><span class=\"sc_button_title\">Shiko Galerin\u00eb<\/span><\/span><!-- \/.sc_button_text --><\/a><!-- \/.sc_button --><\/div><!-- \/.sc_item_button --><\/div>\n\t\t<\/div><!-- \/.sc_promo_text --><\/div><!-- \/.sc_promo -->\t\t<\/div>\n\t\t\t\t<\/div>\n\t\t\t\t\t\t<\/div>\n\t\t\t<\/div>\n\t\t<\/div>\n\t\t\t\t\t\t<\/div>\n\t\t\t<\/div>\n\t\t<\/section>\n\t\t\t\t<section class=\"elementor-element elementor-element-84843b8 elementor-section-boxed elementor-section-height-default elementor-section-height-default elementor-section elementor-top-section\" data-id=\"84843b8\" data-element_type=\"section\">\n\t\t\t\t\t\t<div class=\"elementor-container elementor-column-gap-extended\">\n\t\t\t\t<div class=\"elementor-row\">\n\t\t\t\t<div class=\"elementor-element elementor-element-d806093 sc_inner_width_none sc_content_align_inherit sc_layouts_column_icons_position_left elementor-column elementor-col-100 elementor-top-column\" data-id=\"d806093\" data-element_type=\"column\">\n\t\t\t<div class=\"elementor-column-wrap  elementor-element-populated\">\n\t\t\t\t\t<div class=\"elementor-widget-wrap\">\n\t\t\t\t<div class=\"elementor-element elementor-element-dcfe217 sc_fly_static elementor-widget elementor-widget-text-editor\" data-id=\"dcfe217\" data-element_type=\"widget\" data-widget_type=\"text-editor.default\">\n\t\t\t\t<div class=\"elementor-widget-container\">\n\t\t\t\t\t<div class=\"elementor-text-editor elementor-clearfix\"><p>Si e till\u00eb, varka Highfield \u00ebsht\u00eb zgjedhur shpesh si varka e suportit p\u00ebr evente prestigjoze mbar\u00eb bot\u00ebrore me flota deri n\u00eb 50 varka. Nga Vendee Globe te Invictus Games, Pan Am Games, Extreme Sailing Series, ORC Championships, TP52 dheThe Route DuRhum.<\/p><p>Besimi tek varkat Highfield p\u00ebrve\u00e7set ek RIBs-at (Rigid Inflatable Boats) shtrihet edhe tek gama e \u201ctenders\u201d &#8211; (varkatshoq\u00ebrueset\u00ebyachteve\/varkavet\u00ebm\u00ebdhaja). Duke u pozicionuar si furnitori varkave \u201ctender\u201d shoq\u00ebruesi varkave Lagoon, Highfield hapi k\u00ebshtu rrug\u00ebn p\u00ebr tu kthyer m\u00ebtej n\u00eb furnitorin e preferuar t\u00eb shum\u00eb operator\u00ebve charter, flotave me qira dhe shum\u00eb markave luksoze si Fountaine Pajot, Outremer and Leopard.<\/p><p>P\u00ebrm\u00ebtep\u00ebr, Highfiled e kryen lyerjen elektrostatike me pluhur pjekjeje n\u00eb nj\u00eb zon\u00eb t\u00eb caktuar dhe t\u00eb perimetruar, n\u00eb m\u00ebnyr\u00eb q\u00eb t\u00eb sigurohet q\u00eb footprint-i t\u00eb mbetet i ulet q\u00eb nga fillimi i pro\u00e7esit t\u00eb prodhimit deri n\u00eb fund t\u00eb jet\u00ebs s\u00eb produktit.<\/p><p>Me mbi 45 shtete distributore dhe nj\u00eb rrjet mbar\u00eb-bot\u00ebror p\u00ebrfaqesuesish, ju mund t\u00eb siguroheni q\u00eb \u00e7do nevoj\u00eb e juaja do t\u00eb trajtohet m\u00eb s\u00eb miri.<\/p><\/div>\n\t\t\t\t<\/div>\n\t\t\t\t<\/div>\n\t\t\t\t\t\t<\/div>\n\t\t\t<\/div>\n\t\t<\/div>\n\t\t\t\t\t\t<\/div>\n\t\t\t<\/div>\n\t\t<\/section>\n\t\t\t\t<section class=\"elementor-element elementor-element-9ad9bf0 elementor-section-stretched sc_layouts_hide_on_wide sc_layouts_hide_on_desktop sc_layouts_hide_on_notebook sc_layouts_hide_on_tablet sc_layouts_hide_on_mobile elementor-section-boxed elementor-section-height-default elementor-section-height-default elementor-section elementor-top-section\" data-id=\"9ad9bf0\" data-element_type=\"section\" data-settings=\"{&quot;stretch_section&quot;:&quot;section-stretched&quot;,&quot;background_background&quot;:&quot;classic&quot;}\">\n\t\t\t\t\t\t<div class=\"elementor-container elementor-column-gap-extended\">\n\t\t\t\t<div class=\"elementor-row\">\n\t\t\t\t<div class=\"elementor-element elementor-element-5edecc08 sc_inner_width_none sc_content_align_inherit sc_layouts_column_icons_position_left elementor-column elementor-col-100 elementor-top-column\" data-id=\"5edecc08\" data-element_type=\"column\">\n\t\t\t<div class=\"elementor-column-wrap  elementor-element-populated\">\n\t\t\t\t\t<div class=\"elementor-widget-wrap\">\n\t\t\t\t<div class=\"elementor-element elementor-element-3a18d03e sc_fly_static elementor-widget elementor-widget-trx_sc_title\" data-id=\"3a18d03e\" data-element_type=\"widget\" data-widget_type=\"trx_sc_title.default\">\n\t\t\t\t<div class=\"elementor-widget-container\">\n\t\t\t<div id=\"trx_sc_title_96057282\"\n\t\tclass=\"sc_title sc_title_default\"><h2 class=\"sc_item_title sc_title_title sc_align_center sc_item_title_style_default sc_item_title_tag\"><span class=\"sc_item_title_text\">KEY FACTS<\/span><\/h2><\/div><!-- \/.sc_title -->\t\t<\/div>\n\t\t\t\t<\/div>\n\t\t\t\t<div class=\"elementor-element elementor-element-8261680 sc_fly_static elementor-widget elementor-widget-trx_sc_icons\" data-id=\"8261680\" data-element_type=\"widget\" data-widget_type=\"trx_sc_icons.default\">\n\t\t\t\t<div class=\"elementor-widget-container\">\n\t\t\t<div id=\"trx_sc_icons_1655490397\" \n\tclass=\"sc_icons sc_icons_modern sc_icons_size_small sc_align_left\"><div class=\"sc_icons_columns_wrap sc_item_columns trx_addons_columns_wrap columns_padding_bottom\"><div class=\"trx_addons_column-1_3\"><div class=\"sc_icons_item\"><div class=\"sc_icons_icon sc_icon_type_ icon-checkbox\"><span class=\"sc_icon_type_ icon-checkbox\"><\/span><\/div><div class=\"sc_icons_item_details\"><h4 class=\"sc_icons_item_title\"><span>Established in 2011<\/span><\/h4><\/div><\/div><\/div><div class=\"trx_addons_column-1_3\"><div class=\"sc_icons_item\"><div class=\"sc_icons_icon sc_icon_type_ icon-checkbox\"><span class=\"sc_icon_type_ icon-checkbox\"><\/span><\/div><div class=\"sc_icons_item_details\"><h4 class=\"sc_icons_item_title\"><span>Over 27,000 RIBs sold to date<\/span><\/h4><\/div><\/div><\/div><div class=\"trx_addons_column-1_3\"><div class=\"sc_icons_item\"><div class=\"sc_icons_icon sc_icon_type_ icon-checkbox\"><span class=\"sc_icon_type_ icon-checkbox\"><\/span><\/div><div class=\"sc_icons_item_details\"><h4 class=\"sc_icons_item_title\"><span>Distributed in over 45 countries<\/span><\/h4><\/div><\/div><\/div><div class=\"trx_addons_column-1_3\"><div class=\"sc_icons_item\"><div class=\"sc_icons_icon sc_icon_type_ icon-checkbox\"><span class=\"sc_icon_type_ icon-checkbox\"><\/span><\/div><div class=\"sc_icons_item_details\"><h4 class=\"sc_icons_item_title\"><span>French - Chinese ownership<\/span><\/h4><\/div><\/div><\/div><div class=\"trx_addons_column-1_3\"><div class=\"sc_icons_item\"><div class=\"sc_icons_icon sc_icon_type_ icon-checkbox\"><span class=\"sc_icon_type_ icon-checkbox\"><\/span><\/div><div class=\"sc_icons_item_details\"><h4 class=\"sc_icons_item_title\"><span>Australian heritage and technology<\/span><\/h4><\/div><\/div><\/div><div class=\"trx_addons_column-1_3\"><div class=\"sc_icons_item\"><div class=\"sc_icons_icon sc_icon_type_ icon-checkbox\"><span class=\"sc_icon_type_ icon-checkbox\"><\/span><\/div><div class=\"sc_icons_item_details\"><h4 class=\"sc_icons_item_title\"><span>European management<\/span><\/h4><\/div><\/div><\/div><div class=\"trx_addons_column-1_3\"><div class=\"sc_icons_item\"><div class=\"sc_icons_icon sc_icon_type_ icon-checkbox\"><span class=\"sc_icon_type_ icon-checkbox\"><\/span><\/div><div class=\"sc_icons_item_details\"><h4 class=\"sc_icons_item_title\"><span>Fully integrated (every component is made in house)<\/span><\/h4><\/div><\/div><\/div><div class=\"trx_addons_column-1_3\"><div class=\"sc_icons_item\"><div class=\"sc_icons_icon sc_icon_type_ icon-checkbox\"><span class=\"sc_icon_type_ icon-checkbox\"><\/span><\/div><div class=\"sc_icons_item_details\"><h4 class=\"sc_icons_item_title\"><span>Only manufacturer with its own factory in China, other brands buy from Chinese suppliers<\/span><\/h4><\/div><\/div><\/div><div class=\"trx_addons_column-1_3\"><div class=\"sc_icons_item\"><div class=\"sc_icons_icon sc_icon_type_ icon-checkbox\"><span class=\"sc_icon_type_ icon-checkbox\"><\/span><\/div><div class=\"sc_icons_item_details\"><h4 class=\"sc_icons_item_title\"><span>All products and parts are designed using CAD and then cut on CNC machinery in house<\/span><\/h4><\/div><\/div><\/div><\/div><\/div><!-- \/.sc_icons -->\t\t<\/div>\n\t\t\t\t<\/div>\n\t\t\t\t\t\t<\/div>\n\t\t\t<\/div>\n\t\t<\/div>\n\t\t\t\t\t\t<\/div>\n\t\t\t<\/div>\n\t\t<\/section>\n\t\t\t\t<section class=\"elementor-element elementor-element-859c351 elementor-section-stretched scheme_dark sc_layouts_hide_on_wide sc_layouts_hide_on_desktop sc_layouts_hide_on_notebook sc_layouts_hide_on_tablet sc_layouts_hide_on_mobile elementor-section-boxed elementor-section-height-default elementor-section-height-default elementor-section elementor-top-section\" data-id=\"859c351\" data-element_type=\"section\" id=\"partners\" data-settings=\"{&quot;stretch_section&quot;:&quot;section-stretched&quot;,&quot;background_background&quot;:&quot;classic&quot;}\">\n\t\t\t\t\t\t<div class=\"elementor-container elementor-column-gap-extended\">\n\t\t\t\t<div class=\"elementor-row\">\n\t\t\t\t<div class=\"elementor-element elementor-element-241d770 sc_inner_width_none sc_content_align_inherit sc_layouts_column_icons_position_left elementor-column elementor-col-100 elementor-top-column\" data-id=\"241d770\" data-element_type=\"column\">\n\t\t\t<div class=\"elementor-column-wrap  elementor-element-populated\">\n\t\t\t\t\t<div class=\"elementor-widget-wrap\">\n\t\t\t\t<div class=\"elementor-element elementor-element-b4ad3bc sc_fly_static elementor-widget elementor-widget-trx_sc_title\" data-id=\"b4ad3bc\" data-element_type=\"widget\" id=\"partners\" data-widget_type=\"trx_sc_title.default\">\n\t\t\t\t<div class=\"elementor-widget-container\">\n\t\t\t<div id=\"partners_sc\"\n\t\tclass=\"sc_title sc_title_default\"><h2 class=\"sc_item_title sc_title_title sc_align_center sc_item_title_style_default\"><span class=\"sc_item_title_text\">Our Partners<\/span><\/h2><\/div><!-- \/.sc_title -->\t\t<\/div>\n\t\t\t\t<\/div>\n\t\t\t\t<div class=\"elementor-element elementor-element-d05b25c sc_fly_static elementor-widget elementor-widget-image-carousel\" data-id=\"d05b25c\" data-element_type=\"widget\" data-settings=\"{&quot;navigation&quot;:&quot;none&quot;,&quot;slides_to_show&quot;:&quot;4&quot;,&quot;autoplay&quot;:&quot;yes&quot;,&quot;pause_on_hover&quot;:&quot;yes&quot;,&quot;pause_on_interaction&quot;:&quot;yes&quot;,&quot;autoplay_speed&quot;:5000,&quot;infinite&quot;:&quot;yes&quot;,&quot;speed&quot;:500,&quot;direction&quot;:&quot;ltr&quot;}\" data-widget_type=\"image-carousel.default\">\n\t\t\t\t<div class=\"elementor-widget-container\">\n\t\t\t\t\t<div class=\"elementor-image-carousel-wrapper swiper-container\" dir=\"ltr\">\n\t\t\t<div class=\"elementor-image-carousel swiper-wrapper\">\n\t\t\t\t<div class=\"swiper-slide\"><figure class=\"swiper-slide-inner\"><img class=\"swiper-slide-image\" src=\"https:\/\/sealakeboats-al.com\/albania\/wp-content\/uploads\/2021\/03\/jenneau-1.png\" alt=\"jenneau\" \/><\/figure><\/div><div class=\"swiper-slide\"><figure class=\"swiper-slide-inner\"><img class=\"swiper-slide-image\" src=\"https:\/\/sealakeboats-al.com\/albania\/wp-content\/uploads\/2021\/03\/benneti-1.png\" alt=\"benneti\" \/><\/figure><\/div><div class=\"swiper-slide\"><figure class=\"swiper-slide-inner\"><img class=\"swiper-slide-image\" src=\"https:\/\/sealakeboats-al.com\/albania\/wp-content\/uploads\/2021\/03\/HF.png\" alt=\"HF\" \/><\/figure><\/div><div class=\"swiper-slide\"><figure class=\"swiper-slide-inner\"><img class=\"swiper-slide-image\" src=\"https:\/\/sealakeboats-al.com\/albania\/wp-content\/uploads\/2021\/03\/honda-1.png\" alt=\"honda\" \/><\/figure><\/div>\t\t\t<\/div>\n\t\t\t\t\t\t\t\t\t\t\t\t\t\t\t\t<\/div>\n\t\t\t\t<\/div>\n\t\t\t\t<\/div>\n\t\t\t\t\t\t<\/div>\n\t\t\t<\/div>\n\t\t<\/div>\n\t\t\t\t\t\t<\/div>\n\t\t\t<\/div>\n\t\t<\/section>\n\t\t\t\t\t\t<\/div>\n\t\t\t<\/div>\n\t\t<\/div>\n\t\t","protected":false},"excerpt":{"rendered":"<p>Mir\u00ebsevini n\u00eb Sea&amp;Lake Boats Distributor zyrtar i Highfield Boats Me 27,000 varka t\u00eb shitura n\u00eb mbar\u00eb bot\u00ebn, q\u00eb nga fillimet e firm\u00ebs n\u00eb 2011, Highfield renditet si aktori num\u00ebr 1 n\u00eb rang&hellip;<\/p>\n","protected":false},"author":1,"featured_media":0,"parent":0,"menu_order":0,"comment_status":"closed","ping_status":"closed","template":"","meta":[],"_links":{"self":[{"href":"https:\/\/sealakeboats-al.com\/albania\/wp-json\/wp\/v2\/pages\/3426"}],"collection":[{"href":"https:\/\/sealakeboats-al.com\/albania\/wp-json\/wp\/v2\/pages"}],"about":[{"href":"https:\/\/sealakeboats-al.com\/albania\/wp-json\/wp\/v2\/types\/page"}],"author":[{"embeddable":true,"href":"https:\/\/sealakeboats-al.com\/albania\/wp-json\/wp\/v2\/users\/1"}],"replies":[{"embeddable":true,"href":"https:\/\/sealakeboats-al.com\/albania\/wp-json\/wp\/v2\/comments?post=3426"}],"version-history":[{"count":6,"href":"https:\/\/sealakeboats-al.com\/albania\/wp-json\/wp\/v2\/pages\/3426\/revisions"}],"predecessor-version":[{"id":3720,"href":"https:\/\/sealakeboats-al.com\/albania\/wp-json\/wp\/v2\/pages\/3426\/revisions\/3720"}],"wp:attachment":[{"href":"https:\/\/sealakeboats-al.com\/albania\/wp-json\/wp\/v2\/media?parent=3426"}],"curies":[{"name":"wp","href":"https:\/\/api.w.org\/{rel}","templated":true}]}}