{"id":3832,"date":"2021-05-19T13:38:17","date_gmt":"2021-05-19T13:38:17","guid":{"rendered":"https:\/\/sealakeboats.com\/albania\/?page_id=3832"},"modified":"2021-05-19T13:42:08","modified_gmt":"2021-05-19T13:42:08","slug":"kushtet-e-perdorimit","status":"publish","type":"page","link":"https:\/\/sealakeboats-al.com\/albania\/sq\/kushtet-e-perdorimit\/","title":{"rendered":"Kushtet e P\u00ebrdorimit"},"content":{"rendered":"\t\t<div data-elementor-type=\"wp-page\" data-elementor-id=\"3832\" class=\"elementor elementor-3832\" data-elementor-settings=\"[]\">\n\t\t\t<div class=\"elementor-inner\">\n\t\t\t\t<div class=\"elementor-section-wrap\">\n\t\t\t\t\t\t\t<section class=\"elementor-element elementor-element-7d05365 elementor-section-boxed elementor-section-height-default elementor-section-height-default elementor-section elementor-top-section\" data-id=\"7d05365\" data-element_type=\"section\">\n\t\t\t\t\t\t<div class=\"elementor-container elementor-column-gap-extended\">\n\t\t\t\t<div class=\"elementor-row\">\n\t\t\t\t<div class=\"elementor-element elementor-element-9d87876 sc_inner_width_none sc_content_align_inherit sc_layouts_column_icons_position_left elementor-column elementor-col-100 elementor-top-column\" data-id=\"9d87876\" data-element_type=\"column\">\n\t\t\t<div class=\"elementor-column-wrap  elementor-element-populated\">\n\t\t\t\t\t<div class=\"elementor-widget-wrap\">\n\t\t\t\t<div class=\"elementor-element elementor-element-3c8769b sc_fly_static elementor-widget elementor-widget-text-editor\" data-id=\"3c8769b\" data-element_type=\"widget\" data-widget_type=\"text-editor.default\">\n\t\t\t\t<div class=\"elementor-widget-container\">\n\t\t\t\t\t<div class=\"elementor-text-editor elementor-clearfix\"><p><span style=\"text-decoration: underline;\">VENDOSJA<\/span><br \/>T\u00eb gjitha udh\u00ebtimet p\u00ebr pjes\u00ebn e mbetur t\u00eb sezonit 2021 do t\u00eb zhvillohen nga Porti i Vlores (Pankina e<br \/>Spilese ) k\u00ebshtu q\u00eb ju lutemi na takoni n\u00eb \u00e7adr\u00ebn e linj\u00ebs s\u00eb lundrimit Vlora Rib Adventure me \u00e7ati me<br \/>shirita blu dhe t\u00eb bardh\u00eb jo m\u00eb pak se 15 minuta para se t\u00eb niset udh\u00ebtimi juaj. Ju lutemi t\u00eb prisni n\u00eb<br \/>skel\u00eb, ne do t\u00eb vijm\u00eb dhe t&#8217;ju marrim.<\/p><p><span style=\"text-decoration: underline;\">REZERVIMET<\/span><br \/>Kompania operon nj\u00eb sistem elektronik t\u00eb rezervimit. Me pages\u00eb, konfirmimet l\u00ebshohen nga faqja jon\u00eb e<br \/>internetit e cila mund t\u00eb shtypet ose jo nga pasagjeri. Nj\u00eb bilet\u00eb e shtypur nuk \u00ebsht\u00eb e nevojshme pasi<br \/>udh\u00ebtar\u00ebt lejohen t\u00eb hipin n\u00eb p\u00ebrputhje me list\u00ebn e pasagjer\u00ebve t\u00eb l\u00ebshuar nga sistemi i rezervimit.<\/p><p><span style=\"text-decoration: underline;\">ORARI I TAKIMIT<\/span><br \/>Pasagjer\u00ebt duhet t\u00eb paraqiten n\u00eb pik\u00ebn ton\u00eb t\u00eb takimit jo m\u00eb pak se 15 minuta para koh\u00ebs s\u00eb reklamuar<br \/>t\u00eb nisjes p\u00ebr udh\u00ebtimin.<\/p><p><span style=\"text-decoration: underline;\">ANULIMI<\/span><br \/>Pasagjer\u00ebt mund t\u00eb anulojn\u00eb rezervimet e tyre n\u00eb \u00e7do koh\u00eb deri n\u00eb 48 or\u00eb para or\u00ebs s\u00eb planifikuar t\u00eb<br \/>nisjes dhe t\u00eb marrin nj\u00eb rimbursim t\u00eb plot\u00eb, por p\u00ebr anulimet e njoftuara brenda 48 or\u00ebve nuk do t\u00eb<br \/>jepet asnj\u00eb rimbursim. T\u00eb nj\u00ebjtat terma zbatohen p\u00ebr kupon\u00ebt. Anulimet duhet t\u00eb njoftohen me email.<br \/>N\u00ebse nuk prenotoni direkt me ne, at\u00ebher\u00eb ju lutemi anulojeni me agjentin e prenotimit.<\/p><p><span style=\"text-decoration: underline;\">NDRYSHIMET<\/span><\/p><p>N\u00ebse d\u00ebshironi t\u00eb ndryshoni rezervimin tuaj m\u00eb shum\u00eb se 48 or\u00eb p\u00ebrpara, do t\u00eb b\u00ebhen t\u00eb gjitha<br \/>p\u00ebrpjekjet p\u00ebr t&#8217;ju gjetur nj\u00eb udh\u00ebtim alternativ t\u00eb p\u00ebrshtatsh\u00ebm me t\u00eb nj\u00ebjt\u00ebn vler\u00eb. Sidoqoft\u00eb, p\u00ebr<br \/>ndryshimet e njoftuara brenda 48 or\u00ebve nga nisja nuk do t\u00eb jepet asnj\u00eb rimbursim. T\u00eb nj\u00ebjtat terma<br \/>zbatohen p\u00ebr kupon\u00ebt. Ndryshimet duhet t\u00eb njoftohen me email. N\u00ebse nuk prenotoni direkt me Vlora<br \/>Rib Adventure, at\u00ebher\u00eb ju lutemi b\u00ebni ndryshime me agjentin e prenotimit.<\/p><p><span style=\"text-decoration: underline;\">JO-SHOW<\/span><br \/>Asnj\u00eb rimbursim nuk do t\u00eb b\u00ebhet p\u00ebr pasagjer\u00ebt q\u00eb nuk paraqiten n\u00eb kiosk\u00eb n\u00eb koh\u00eb p\u00ebr t\u00eb hipur n\u00eb<br \/>udh\u00ebtimin q\u00eb kan\u00eb rezervuar.<\/p><p><span style=\"text-decoration: underline;\">OFERTA DHE PROMOCIONE TE VECANTA<\/span><br \/>Ofertat dhe promovimet e tarifave nuk jan\u00eb retrospektive. Rezervimet e b\u00ebra p\u00ebrpara fillimit t\u00eb nj\u00eb<br \/>oferte ose promovimi tarifohen me \u00e7mimin q\u00eb mbizot\u00ebron n\u00eb koh\u00ebn e rezervimit.<\/p><p><span style=\"text-decoration: underline;\">MOTI<\/span><br \/>N\u00eb rast se kushtet e motit n\u00eb itinerar mund t\u00eb b\u00ebjn\u00eb q\u00eb kalimi t\u00eb jet\u00eb i rreziksh\u00ebm ose i paarsyesh\u00ebm pa<br \/>arsye, Kompania rezervon t\u00eb drejt\u00ebn t\u00eb anuloj\u00eb udh\u00ebtimin ose t\u00eb ndryshoj\u00eb itinerarin. N\u00ebse udh\u00ebtimi<br \/>duhet t\u00eb anulohet, udh\u00ebtar\u00ebve do t&#8217;u ofrohet nj\u00eb rimbursim i plot\u00eb ose nj\u00eb rezervim alternativ.<\/p><p><span style=\"text-decoration: underline;\">NUMRI MINIMAL I PJESEMARRESVE<\/span><\/p><p>\u00c7do sh\u00ebrbim i n\u00ebnshtrohet nj\u00eb numri minimal prej 8 personash. N\u00ebse minimumi nuk mund t\u00eb<br \/>plot\u00ebsohet, Kompania rezervon t\u00eb drejt\u00ebn t\u00eb anuloj\u00eb udh\u00ebtimin. N\u00eb nj\u00eb rast t\u00eb till\u00eb do t\u00eb ofrohet nj\u00eb<br \/>lundrim alternativ ose rimbursim.<\/p><p><span style=\"text-decoration: underline;\">KUFIZIMET E SHENDETIT<\/span><br \/>Ne nuk i rekomandojm\u00eb udh\u00ebtimet tona p\u00ebr grat\u00eb shtatz\u00ebna ose ata me probleme t\u00eb shpin\u00ebs. Vendimi<br \/>p\u00ebr t\u00eb udh\u00ebtuar \u00ebsht\u00eb i vet\u00eb udh\u00ebtarit dhe ne nuk pranojm\u00eb asnj\u00eb p\u00ebrgjegj\u00ebsi p\u00ebr \u00e7do \u00e7\u00ebshtje q\u00eb del nga<br \/>kushtet sh\u00ebndet\u00ebsore para-ekzistuese.<\/p><p><span style=\"text-decoration: underline;\">REFUZIMI I SHERBIMIT<\/span><br \/>Kompania rezervon t\u00eb drejt\u00ebn t\u00eb mohoj\u00eb transportin p\u00ebr \u00e7do pasagjer, gjendja mendore ose fizike e t\u00eb<br \/>cilit ose d\u00ebmtimi nga alkooli ose droga, mund t\u00eb paraqes\u00eb nj\u00eb rrezik p\u00ebr veten e tij, pasagjer\u00ebt e tjer\u00eb<br \/>ose funksionimin e sigurt t\u00eb anijes.<\/p><p>Pasagjer\u00ebt gjat\u00eb udh\u00ebtimeve n\u00eb Shqiperi duhet t\u00eb ken\u00eb nj\u00eb pasaport\u00eb ose karte identiteti t\u00eb vlefshme e<br \/>cila duhet t\u00eb tregohet n\u00eb bord.<\/p><p>Vendimi i Kapitenit \u00ebsht\u00eb p\u00ebrfundimtar.<\/p><p>Asnj\u00eb rimbursim nuk b\u00ebhet n\u00eb rastet e refuzimit t\u00eb transportit.<\/p><\/div>\n\t\t\t\t<\/div>\n\t\t\t\t<\/div>\n\t\t\t\t\t\t<\/div>\n\t\t\t<\/div>\n\t\t<\/div>\n\t\t\t\t\t\t<\/div>\n\t\t\t<\/div>\n\t\t<\/section>\n\t\t\t\t\t\t<\/div>\n\t\t\t<\/div>\n\t\t<\/div>\n\t\t","protected":false},"excerpt":{"rendered":"<p>VENDOSJAT\u00eb gjitha udh\u00ebtimet p\u00ebr pjes\u00ebn e mbetur t\u00eb sezonit 2021 do t\u00eb zhvillohen nga Porti i Vlores (Pankina eSpilese ) k\u00ebshtu q\u00eb ju lutemi na takoni n\u00eb \u00e7adr\u00ebn e linj\u00ebs s\u00eb lundrimit&hellip;<\/p>\n","protected":false},"author":1,"featured_media":0,"parent":0,"menu_order":0,"comment_status":"closed","ping_status":"closed","template":"","meta":[],"_links":{"self":[{"href":"https:\/\/sealakeboats-al.com\/albania\/wp-json\/wp\/v2\/pages\/3832"}],"collection":[{"href":"https:\/\/sealakeboats-al.com\/albania\/wp-json\/wp\/v2\/pages"}],"about":[{"href":"https:\/\/sealakeboats-al.com\/albania\/wp-json\/wp\/v2\/types\/page"}],"author":[{"embeddable":true,"href":"https:\/\/sealakeboats-al.com\/albania\/wp-json\/wp\/v2\/users\/1"}],"replies":[{"embeddable":true,"href":"https:\/\/sealakeboats-al.com\/albania\/wp-json\/wp\/v2\/comments?post=3832"}],"version-history":[{"count":5,"href":"https:\/\/sealakeboats-al.com\/albania\/wp-json\/wp\/v2\/pages\/3832\/revisions"}],"predecessor-version":[{"id":3979,"href":"https:\/\/sealakeboats-al.com\/albania\/wp-json\/wp\/v2\/pages\/3832\/revisions\/3979"}],"wp:attachment":[{"href":"https:\/\/sealakeboats-al.com\/albania\/wp-json\/wp\/v2\/media?parent=3832"}],"curies":[{"name":"wp","href":"https:\/\/api.w.org\/{rel}","templated":true}]}}